{"id":13,"date":"2023-04-11T17:07:36","date_gmt":"2023-04-11T15:07:36","guid":{"rendered":"https:\/\/ambasciatapraga.esteri.it\/?page_id=13"},"modified":"2025-01-02T20:39:30","modified_gmt":"2025-01-02T17:39:30","slug":"chi-siamo","status":"publish","type":"page","link":"https:\/\/ambkiev.esteri.it\/it\/chi-siamo\/","title":{"rendered":"Chi siamo"},"content":{"rendered":"<p>L\u2019Italia e l\u2019Ucraina hanno stabilito relazioni diplomatiche il 29 gennaio 1992. L\u2019Ambasciata \u00e8 stata istituita in quell\u2019anno e dai primi anni duemila si trova in via Yaroslaviv Val, in uno dei quartieri pi\u00f9 antichi della capitale dell\u2019Ucraina, ricco di monumenti architettonici dei secoli XI-XIII. Il nome della strada riecheggia i tempi del principe di Kiev Yaroslav il Saggio (978 \u2013 1054), per ordine del quale furono costruiti bastioni di fortificazione intorno alla citt\u00e0 \u2013 un simbolo della potenza e prova delle vittorie principesche sui peceneghi, polacchi, estoni, lituani e bizantini, che gettarono le basi del nucleo primario della Rus\u2019 di Kiev.<\/p>\n<p>Oggi questa strada \u00e8 la sede di importanti societ\u00e0 internazionali, banche e ambasciate. Nelle vicinanze si trovano edifici residenziali e uffici di istituzioni statali. Inoltre, questa zona \u00e8 conosciuta per molti importanti monumenti storici e culturali: ta questi ci sono la Porta d\u2019Oro, il Teatro dell\u2019Opera Nazionale di Kiev e il centro della vita religiosa della Rus\u2019 unita, la Cattedrale di Santa Sofia (1037), con i suoi edifici monastici e affreschi e mosaici risalenti ai secoli XI-XIX. Non molto lontano si trovano la Cattedrale di San Michele, la chiesa barocca di Sant\u2019Andrea e il Palazzo Marinsky \u2013 opere dell\u2019architetto Bartolomeo Rastrelli, gli antichi edifici dell\u2019Universit\u00e0 Nazionale di Kiev Taras Shevchenko, costruito in stile neoclassico secondo il progetto di Vikentii Beretti (1837 \u2013 1842) e altri.<\/p>\n<p>Dall&#8217;inizio dell&#8217;aggressione russa su vasta scala nel febbraio 2022, l&#8217;Ambasciata d&#8217;Italia ha sempre garantito la continua operativit\u00e0 sul territorio ucraino. Dopo un temporaneo trasferimento a Leopoli, il 18 aprile 2022 la Sede diplomatica ha riaperto a Kiev: l&#8217;Italia \u00e8 stata la prima tra i Paesi del G7, insieme alla Francia, a tornare nella Capitale. A Leopoli \u00e8 ad oggi situata un&#8217;Antenna dell&#8217;Ambasciata, che pu\u00f2 fornire assistenza ai connazionali.<\/p>\n<p>In un contesto delicato e complesso, l&#8217;Ambasciata e tutto il Sistema in Italia lavorano in Ucraina a favore delle relazioni bilaterali, nonch\u00e9 dei connazionali e delle imprese italiane.<\/p>\n<p><strong>Come raggiungerci<\/strong><\/p>\n<p><a href=\"https:\/\/www.google.com\/maps\/place\/Ambasciata+d%E2%80%99Italia+a+Kiev\/@50.4527883,30.5055477,17z\/data=!3m1!4b1!4m6!3m5!1s0x40d4ce5c3abdf3a1:0x6c36ed2d20f74fc5!8m2!3d50.4527883!4d30.5081226!16s%2Fm%2F0pb8glr?entry=ttu\">Mappa di Kiev &#8211; Ambasciata<\/a><\/p>\n<p>Grazie alla sua ubicazione nella zona centrale della citt\u00e0, l\u2019Ambasciata \u00e8 facilmente raggiungibile con i mezzi pubblici:<\/p>\n<p>Metropolitana: Linea Verde \u2013 Stazione: Zoloti Vorota<br \/>\nLinea Rossa \u2013 Stazione: Teatral\u2019na<br \/>\nFilobus: n.16, n.18 \u2013 Fermata: L\u2019vivs\u2019ka ploshcha<br \/>\nAutobus: n. 7 \u2013 Fermata: L\u2019vivs\u2019ka ploshcha<\/p>\n","protected":false},"excerpt":{"rendered":"L\u2019Italia e l\u2019Ucraina hanno stabilito relazioni diplomatiche il 29 gennaio 1992. L\u2019Ambasciata \u00e8 stata istituita in quell\u2019anno e dai primi anni duemila si trova in via Yaroslaviv Val, in uno dei quartieri pi\u00f9 antichi della capitale dell\u2019Ucraina, ricco di monumenti architettonici dei secoli XI-XIII. Il nome della strada riecheggia i tempi del principe di Kiev [&hellip;]","protected":false},"author":1,"featured_media":0,"parent":0,"menu_order":2,"comment_status":"closed","ping_status":"closed","template":"","meta":{"footnotes":""},"class_list":["post-13","page","type-page","status-publish","hentry"],"_links":{"self":[{"href":"https:\/\/ambkiev.esteri.it\/it\/wp-json\/wp\/v2\/pages\/13","targetHints":{"allow":["GET"]}}],"collection":[{"href":"https:\/\/ambkiev.esteri.it\/it\/wp-json\/wp\/v2\/pages"}],"about":[{"href":"https:\/\/ambkiev.esteri.it\/it\/wp-json\/wp\/v2\/types\/page"}],"author":[{"embeddable":true,"href":"https:\/\/ambkiev.esteri.it\/it\/wp-json\/wp\/v2\/users\/1"}],"replies":[{"embeddable":true,"href":"https:\/\/ambkiev.esteri.it\/it\/wp-json\/wp\/v2\/comments?post=13"}],"version-history":[{"count":6,"href":"https:\/\/ambkiev.esteri.it\/it\/wp-json\/wp\/v2\/pages\/13\/revisions"}],"predecessor-version":[{"id":4071,"href":"https:\/\/ambkiev.esteri.it\/it\/wp-json\/wp\/v2\/pages\/13\/revisions\/4071"}],"wp:attachment":[{"href":"https:\/\/ambkiev.esteri.it\/it\/wp-json\/wp\/v2\/media?parent=13"}],"curies":[{"name":"wp","href":"https:\/\/api.w.org\/{rel}","templated":true}]}}