{"id":1907,"date":"2023-11-20T19:39:51","date_gmt":"2023-11-20T16:39:51","guid":{"rendered":"https:\/\/ambkiev.esteri.it\/?page_id=1907"},"modified":"2023-11-20T19:39:51","modified_gmt":"2023-11-20T16:39:51","slug":"sicurezza-come-comportarsi-in-caso-di-bombardamento","status":"publish","type":"page","link":"https:\/\/ambkiev.esteri.it\/it\/chi-siamo\/numeri-di-emergenza\/sicurezza-come-comportarsi-in-caso-di-bombardamento\/","title":{"rendered":"Sicurezza. Come comportarsi in caso di bombardamento"},"content":{"rendered":"<p>Continuano gli attacchi con missili e droni su tutto il territorio ucraino, compresa la capitale Kiev.<strong> I viaggi in Ucraina sono sconsigliati a qualsiasi titolo<\/strong>; ai connazionali ancora presenti si raccomanda fortemente di lasciare il Paese nonch\u00e9 di osservare scrupolosamente gli allarmi aerei, di ripararsi in modo appropriato e di seguire le indicazioni delle Autorit\u00e0 locali.<\/p>\n<p><span style=\"text-decoration: underline;\"><strong>Considerazioni generali:<\/strong><\/span><br \/>\n\u2022 Quando si sente una forte esplosione o si attiva l\u2019allarme aereo, occorre <strong>cercare immediatamente un rifugio<\/strong>.<br \/>\n\u2022 Se ci si trova in un appartamento o in un edificio, \u00e8 opportuno recarsi al piano pi\u00f9 basso della struttura, individuando la stanza con il minor numero di pareti esterne, finestre e aperture; \u00e8 opportuno inoltre chiudere le porte e sedersi vicino a una parete interna, lontano da finestre o aperture.<br \/>\n\u2022 Se ci si trova in uno spazio aperto, \u00e8 opportuno cercare immediatamente riparo in una struttura solida; ove questa non fosse disponibile, \u00e8 consigliabile sdraiarsi al suolo e, in mancanza di diversa protezione, coprire la testa con le mani.<br \/>\n\u2022 Anche quando il missile o il drone in arrivo viene intercettato dalla contraerea ucraina, <strong>la caduta di detriti al suolo rappresenta un rischio significativo.<\/strong><br \/>\n\u2022 Ad attacco terminato, non avvicinarsi ai detriti o ad altre macerie.<\/p>\n<p><span style=\"text-decoration: underline;\"><strong>Indicazioni:<\/strong><\/span><br \/>\n\u2022 Essere sempre a conoscenza della <strong>posizione del rifugio<\/strong> o dello spazio protetto pi\u00f9 vicino.<br \/>\n\u2022 Seguire le istruzioni delle Autorit\u00e0 locali e cercare immediatamente un riparo in caso di attacco.<br \/>\n\u2022 <strong>Informarsi:<\/strong> sono disponibili gratuitamente diverse applicazioni per cellulare, sviluppate dalle Autorit\u00e0 locali anche in lingua inglese, che segnalano gli allarmi aerei e contengono informazioni utili, tra cui la mappa dei rifugi.<br \/>\n\u2022 Assicurarsi che tutti i <strong>documenti di viaggio<\/strong> siano validi e sempre a portata di mano.<br \/>\n\u2022 Prendere attenta visione delle indicazioni di sicurezza sul <a href=\"https:\/\/www.viaggiaresicuri.it\/find-country\/country\/UKR\">sito <strong>\u201cViaggiare Sicuri\u201d<\/strong><\/a> e <a href=\"https:\/\/www.viaggiaresicuri.it\/download-app\">scaricare la <strong>APP \u201cUnit\u00e0 di Crisi\u201d<\/strong><\/a> per cellulari, attivando la geolocalizzazione.<br \/>\n\u2022 La capacit\u00e0 di assistenza dell\u2019Ambasciata d\u2019Italia a Kiev \u00e8 limitata: <strong>\u00e8 essenziale dotarsi sempre di un piano di emergenza e di evacuazione autonomo.<\/strong><\/p>\n<p>&nbsp;<\/p>\n","protected":false},"excerpt":{"rendered":"Continuano gli attacchi con missili e droni su tutto il territorio ucraino, compresa la capitale Kiev. I viaggi in Ucraina sono sconsigliati a qualsiasi titolo; ai connazionali ancora presenti si raccomanda fortemente di lasciare il Paese nonch\u00e9 di osservare scrupolosamente gli allarmi aerei, di ripararsi in modo appropriato e di seguire le indicazioni delle Autorit\u00e0 [&hellip;]","protected":false},"author":1,"featured_media":0,"parent":41,"menu_order":0,"comment_status":"closed","ping_status":"closed","template":"","meta":{"footnotes":""},"class_list":["post-1907","page","type-page","status-publish","hentry"],"_links":{"self":[{"href":"https:\/\/ambkiev.esteri.it\/it\/wp-json\/wp\/v2\/pages\/1907","targetHints":{"allow":["GET"]}}],"collection":[{"href":"https:\/\/ambkiev.esteri.it\/it\/wp-json\/wp\/v2\/pages"}],"about":[{"href":"https:\/\/ambkiev.esteri.it\/it\/wp-json\/wp\/v2\/types\/page"}],"author":[{"embeddable":true,"href":"https:\/\/ambkiev.esteri.it\/it\/wp-json\/wp\/v2\/users\/1"}],"replies":[{"embeddable":true,"href":"https:\/\/ambkiev.esteri.it\/it\/wp-json\/wp\/v2\/comments?post=1907"}],"version-history":[{"count":1,"href":"https:\/\/ambkiev.esteri.it\/it\/wp-json\/wp\/v2\/pages\/1907\/revisions"}],"predecessor-version":[{"id":1908,"href":"https:\/\/ambkiev.esteri.it\/it\/wp-json\/wp\/v2\/pages\/1907\/revisions\/1908"}],"up":[{"embeddable":true,"href":"https:\/\/ambkiev.esteri.it\/it\/wp-json\/wp\/v2\/pages\/41"}],"wp:attachment":[{"href":"https:\/\/ambkiev.esteri.it\/it\/wp-json\/wp\/v2\/media?parent=1907"}],"curies":[{"name":"wp","href":"https:\/\/api.w.org\/{rel}","templated":true}]}}