{"id":2019,"date":"2023-11-21T16:22:26","date_gmt":"2023-11-21T13:22:26","guid":{"rendered":"https:\/\/ambkiev.esteri.it\/?page_id=2019"},"modified":"2024-04-30T16:25:47","modified_gmt":"2024-04-30T13:25:47","slug":"dichiarazioni-di-valore","status":"publish","type":"page","link":"https:\/\/ambkiev.esteri.it\/it\/servizi-consolari-e-visti\/servizi-per-il-cittadino-straniero\/dichiarazioni-di-valore\/","title":{"rendered":"Dichiarazioni di valore"},"content":{"rendered":"<p class=\"null\" style=\"text-align: justify;\"><span class=\"null1\">A causa della situazione bellica tuttora vigente in Ucraina, il rilascio delle Dichiarazioni di Valore \u00e8 <b><u>limitato ai casi di comprovata necessit\u00e0<\/u><\/b> e i relativi appuntamenti verranno fissati secondo la disponibilit\u00e0 dell\u2019Ufficio Consolare. <\/span><\/p>\n<p class=\"null\" style=\"text-align: justify;\"><span class=\"null1\">Visto l\u2019elevato numero di richieste e la notevole mole di pratiche in trattazione, che viene effettuata in ordine cronologico di presentazione dell\u2019istanza, si segnala che <b><u>i relativi tempi di attesa possono arrivare fino a 6 mesi<\/u><\/b>.<\/span><\/p>\n<p class=\"null\" style=\"text-align: justify;\"><span class=\"null1\">Per quanto riguarda le <b><u>Dichiarazioni di Valore ai fini di studio<\/u><\/b>, si suggerisce di consultare il\u00a0<a href=\"https:\/\/www.cimea.it\/\" target=\"_BLANK\" rel=\"noopener\">sito del CIMEA \u2013 Centro di Informazione sulla Mobilit\u00e0 e le Equivalenze Accademiche<\/a>\u00a0ed il relativo\u00a0<a href=\"https:\/\/www.cimea.it\/pagina-focus-ucraina\" target=\"_BLANK\" rel=\"noopener\">Focus sull\u2019Ucraina<\/a>,\u00a0cos\u00ec come le\u00a0<a href=\"https:\/\/www.cimea.it\/Upload\/Documenti-privati\/GUIDELINES_UKRAINE.pdf\" target=\"_BLANK\" rel=\"noopener\">linee guida per il riconoscimento dei titoli ucraini<\/a>. <\/span><\/p>\n","protected":false},"excerpt":{"rendered":"A causa della situazione bellica tuttora vigente in Ucraina, il rilascio delle Dichiarazioni di Valore \u00e8 limitato ai casi di comprovata necessit\u00e0 e i relativi appuntamenti verranno fissati secondo la disponibilit\u00e0 dell\u2019Ufficio Consolare. Visto l\u2019elevato numero di richieste e la notevole mole di pratiche in trattazione, che viene effettuata in ordine cronologico di presentazione dell\u2019istanza, [&hellip;]","protected":false},"author":8,"featured_media":0,"parent":48,"menu_order":0,"comment_status":"closed","ping_status":"closed","template":"","meta":{"footnotes":""},"class_list":["post-2019","page","type-page","status-publish","hentry"],"_links":{"self":[{"href":"https:\/\/ambkiev.esteri.it\/it\/wp-json\/wp\/v2\/pages\/2019","targetHints":{"allow":["GET"]}}],"collection":[{"href":"https:\/\/ambkiev.esteri.it\/it\/wp-json\/wp\/v2\/pages"}],"about":[{"href":"https:\/\/ambkiev.esteri.it\/it\/wp-json\/wp\/v2\/types\/page"}],"author":[{"embeddable":true,"href":"https:\/\/ambkiev.esteri.it\/it\/wp-json\/wp\/v2\/users\/8"}],"replies":[{"embeddable":true,"href":"https:\/\/ambkiev.esteri.it\/it\/wp-json\/wp\/v2\/comments?post=2019"}],"version-history":[{"count":3,"href":"https:\/\/ambkiev.esteri.it\/it\/wp-json\/wp\/v2\/pages\/2019\/revisions"}],"predecessor-version":[{"id":2023,"href":"https:\/\/ambkiev.esteri.it\/it\/wp-json\/wp\/v2\/pages\/2019\/revisions\/2023"}],"up":[{"embeddable":true,"href":"https:\/\/ambkiev.esteri.it\/it\/wp-json\/wp\/v2\/pages\/48"}],"wp:attachment":[{"href":"https:\/\/ambkiev.esteri.it\/it\/wp-json\/wp\/v2\/media?parent=2019"}],"curies":[{"name":"wp","href":"https:\/\/api.w.org\/{rel}","templated":true}]}}