{"id":297,"date":"2023-11-16T15:50:42","date_gmt":"2023-11-16T12:50:42","guid":{"rendered":"https:\/\/ambkiev.esteri.it\/?page_id=297"},"modified":"2024-08-02T16:04:58","modified_gmt":"2024-08-02T13:04:58","slug":"messaggio-di-saluto-dellambasciatore","status":"publish","type":"page","link":"https:\/\/ambkiev.esteri.it\/it\/chi-siamo\/lambasciatore\/messaggio-di-saluto-dellambasciatore\/","title":{"rendered":"Messaggio di saluto dell&#8217;Ambasciatore"},"content":{"rendered":"<p style=\"text-align: justify;\">Cari connazionali, cari amici ucraini,<\/p>\n<p style=\"text-align: justify;\">avvio con orgoglio la mia missione diplomatica e sono onorato di rappresentare l\u2019Italia, tra i pi\u00f9 stretti Alleati dell\u2019Ucraina: il nostro Paese, anche nel quadro della sua Presidenza G7 per il 2024, continua a fornire il proprio sostegno all\u2019Ucraina a 360 gradi, sia a livello bilaterale che multilaterale, in campo politico, economico, umanitario e militare, con l\u2019obiettivo di pervenire ad una pace giusta, duratura e sostenibile per l\u2019Ucraina, che rispetti la sua sovranit\u00e0 ed integrit\u00e0 territoriale, nonch\u00e9 a garanzie di sicurezza per il futuro di questa Nazione.<\/p>\n<p style=\"text-align: justify;\">L\u2019Italia \u00e8 al fianco dell\u2019Ucraina anche nel suo percorso di adesione all\u2019Unione Europea, nonch\u00e9 sulla strada delle fondamentali riforme strutturali. In questo ambito, la nostra Ambasciata svolge quest\u2019anno un ruolo di primo piano attraverso il coordinamento del Gruppo di Supporto degli Ambasciatori G7 a Kiev.<\/p>\n<p style=\"text-align: justify;\">Lavorer\u00f2 intensamente con la dinamica comunit\u00e0 imprenditoriale presente in questo Paese e profonder\u00f2 ogni sforzo per favorire l\u2019inserimento delle nostre imprese nel tessuto economico ucraino. L\u2019Italia intende svolgere un ruolo di primo piano nella futura ricostruzione del Paese, ed anche in quest\u2019ottica ci apprestiamo ad organizzare la Ukraine Recovery Conference nel 2025.<\/p>\n<p style=\"text-align: justify;\">Parimenti, grande attenzione sar\u00e0 riservata alla diffusione della cultura e della lingua italiana, per le quali registriamo tra gli amici ucraini un cos\u00ec grande interesse.<\/p>\n<p style=\"text-align: justify;\">Nel difficile contesto bellico, l\u2019Ambasciata assicura inoltre il suo massimo impegno per l\u2019erogazione di servizi consolari efficienti e tempestivi, a favore dei connazionali e dell\u2019utenza ucraina.<\/p>\n<p style=\"text-align: justify;\">Tra gli Italiani presenti nel Paese, menziono in particolare i giornalisti, che raccontano al grande pubblico il dramma della guerra, e gli operatori umanitari, che svolgono un\u2019attivit\u00e0 meritevole, alleviando la sofferenza della popolazione. In questo ambito, la recente apertura di una sede dell\u2019Agenzia Italiana per la Cooperazione allo Sviluppo a Kiev testimonia la priorit\u00e0 assegnata dalla Cooperazione Italiana all\u2019Ucraina.<\/p>\n<p style=\"text-align: justify;\">Tra il popolo ucraino e quello italiano esiste un forte sentimento di simpatia e di affinit\u00e0 reciproca: valorizzeremo questo patrimonio per intensificare ulteriormente le relazioni anche tra le nostre societ\u00e0. La comunit\u00e0 ucraina residente in Italia, perfettamente integrata, \u00e8 tra le maggiori in Europa, e dal febbraio 2022 abbiamo aperto le porte a oltre 170mila profughi, in maggioranza donne e bambini, in fuga dalla guerra.<\/p>\n<p style=\"text-align: justify;\">Pur in circostanze straordinariamente complesse, insieme a tutte le articolazioni del Sistema Italia siamo dunque all\u2019opera su progetti concreti in ogni settore. Invito tutti a restare informati sulle nostre iniziative e attivit\u00e0 su questo sito e a seguirci attraverso i canali social della Sede:: <a href=\"https:\/\/x.com\/italyinukr\">X<\/a>, <a href=\"https:\/\/www.facebook.com\/italyinukraine\">Facebook<\/a>, <a href=\"https:\/\/www.instagram.com\/italyinukraine\/\">Instagram<\/a> e\u00a0<a href=\"https:\/\/www.linkedin.com\/company\/ambasciata-d-italia-in-ucraina\">Linkedin<\/a>.<\/p>\n<p style=\"text-align: justify;\">Le porte dell\u2019Ambasciata saranno sempre aperte.<\/p>\n<p style=\"text-align: justify;\"><em>01 luglio, 2024<\/em><\/p>\n","protected":false},"excerpt":{"rendered":"Cari connazionali, cari amici ucraini, avvio con orgoglio la mia missione diplomatica e sono onorato di rappresentare l\u2019Italia, tra i pi\u00f9 stretti Alleati dell\u2019Ucraina: il nostro Paese, anche nel quadro della sua Presidenza G7 per il 2024, continua a fornire il proprio sostegno all\u2019Ucraina a 360 gradi, sia a livello bilaterale che multilaterale, in campo [&hellip;]","protected":false},"author":4,"featured_media":0,"parent":38,"menu_order":0,"comment_status":"closed","ping_status":"closed","template":"","meta":{"footnotes":""},"class_list":["post-297","page","type-page","status-publish","hentry"],"_links":{"self":[{"href":"https:\/\/ambkiev.esteri.it\/it\/wp-json\/wp\/v2\/pages\/297","targetHints":{"allow":["GET"]}}],"collection":[{"href":"https:\/\/ambkiev.esteri.it\/it\/wp-json\/wp\/v2\/pages"}],"about":[{"href":"https:\/\/ambkiev.esteri.it\/it\/wp-json\/wp\/v2\/types\/page"}],"author":[{"embeddable":true,"href":"https:\/\/ambkiev.esteri.it\/it\/wp-json\/wp\/v2\/users\/4"}],"replies":[{"embeddable":true,"href":"https:\/\/ambkiev.esteri.it\/it\/wp-json\/wp\/v2\/comments?post=297"}],"version-history":[{"count":6,"href":"https:\/\/ambkiev.esteri.it\/it\/wp-json\/wp\/v2\/pages\/297\/revisions"}],"predecessor-version":[{"id":3207,"href":"https:\/\/ambkiev.esteri.it\/it\/wp-json\/wp\/v2\/pages\/297\/revisions\/3207"}],"up":[{"embeddable":true,"href":"https:\/\/ambkiev.esteri.it\/it\/wp-json\/wp\/v2\/pages\/38"}],"wp:attachment":[{"href":"https:\/\/ambkiev.esteri.it\/it\/wp-json\/wp\/v2\/media?parent=297"}],"curies":[{"name":"wp","href":"https:\/\/api.w.org\/{rel}","templated":true}]}}