{"id":4343,"date":"2025-06-25T15:42:14","date_gmt":"2025-06-25T12:42:14","guid":{"rendered":"https:\/\/ambkiev.esteri.it\/?page_id=4343"},"modified":"2025-06-25T15:42:14","modified_gmt":"2025-06-25T12:42:14","slug":"documentazione-per-dimostrare-la-cittadinanza-italiana-esclusiva","status":"publish","type":"page","link":"https:\/\/ambkiev.esteri.it\/it\/servizi-consolari-e-visti\/servizi-per-il-cittadino-italiano\/stato-civile\/documentazione-per-dimostrare-la-cittadinanza-italiana-esclusiva\/","title":{"rendered":"Documentazione per Dimostrare la Cittadinanza Italiana Esclusiva"},"content":{"rendered":"<p style=\"text-align: justify;\">Per attestare il possesso esclusivo della cittadinanza italiana, \u00e8 necessaria la seguente documentazione:<\/p>\n<ul style=\"text-align: justify;\">\n<li><strong>Documenti d&#8217;identit\u00e0 dei genitori:<\/strong> Passaporti o carte d&#8217;identit\u00e0 valide di entrambi i genitori. Se deceduti, presentare l&#8217;ultimo documento valido in loro possesso.<\/li>\n<li><strong>Certificato storico di residenza:<\/strong> Rilasciato dal Comune di ultima residenza o di iscrizione AIRE (Anagrafe degli Italiani Residenti all&#8217;Estero) del genitore italiano (o di entrambi, se entrambi italiani).<\/li>\n<li><strong>*Dichiarazione di non naturalizzazione:<\/strong> Se il Certificato Storico di Residenza indica periodi di residenza all&#8217;estero, \u00e8 richiesta una Dichiarazione di non naturalizzazione rilasciata dalle autorit\u00e0 di tutti i paesi in cui i genitori italiani hanno risieduto.<\/li>\n<li><strong>*Attestazione di non trasmissione della cittadinanza al minore:<\/strong> Se uno dei genitori \u00e8 nato in un paese straniero o possiede altre cittadinanze, \u00e8 necessaria un&#8217;attestazione originale di non trasmissione della cittadinanza al minore, legalizzata e tradotta in italiano, emessa dalle autorit\u00e0 del paese di nascita del genitore e\/o dai paesi di cui possiede altre cittadinanze.<\/li>\n<li><strong>*Certificato di apolidia (eventuale):<\/strong> Se applicabile, un Certificato di Apolidia originale, legalizzato e tradotto in italiano, rilasciato dalle competenti autorit\u00e0 straniere del paese di nascita del minore.<\/li>\n<\/ul>\n<p style=\"text-align: justify;\"><strong><u>IMPORTANTE:<\/u><\/strong><strong> Legalizzazione dei Certificati con Asterisco (*)<\/strong><\/p>\n<p style=\"text-align: justify;\">La legalizzazione tramite apostille \u00e8 richiesta se il Paese di rilascio ha aderito alla Convenzione dell&#8217;Aia del 5 ottobre 1961. Per i certificati rilasciati da paesi che non hanno firmato tale Convenzione, la legalizzazione dovr\u00e0 essere effettuata dall&#8217;Ambasciata o Consolato italiano competente nel paese di emissione.<\/p>\n","protected":false},"excerpt":{"rendered":"Per attestare il possesso esclusivo della cittadinanza italiana, \u00e8 necessaria la seguente documentazione: Documenti d&#8217;identit\u00e0 dei genitori: Passaporti o carte d&#8217;identit\u00e0 valide di entrambi i genitori. Se deceduti, presentare l&#8217;ultimo documento valido in loro possesso. Certificato storico di residenza: Rilasciato dal Comune di ultima residenza o di iscrizione AIRE (Anagrafe degli Italiani Residenti all&#8217;Estero) del [&hellip;]","protected":false},"author":8,"featured_media":0,"parent":68,"menu_order":1,"comment_status":"closed","ping_status":"closed","template":"","meta":{"footnotes":""},"class_list":["post-4343","page","type-page","status-publish","hentry"],"_links":{"self":[{"href":"https:\/\/ambkiev.esteri.it\/it\/wp-json\/wp\/v2\/pages\/4343","targetHints":{"allow":["GET"]}}],"collection":[{"href":"https:\/\/ambkiev.esteri.it\/it\/wp-json\/wp\/v2\/pages"}],"about":[{"href":"https:\/\/ambkiev.esteri.it\/it\/wp-json\/wp\/v2\/types\/page"}],"author":[{"embeddable":true,"href":"https:\/\/ambkiev.esteri.it\/it\/wp-json\/wp\/v2\/users\/8"}],"replies":[{"embeddable":true,"href":"https:\/\/ambkiev.esteri.it\/it\/wp-json\/wp\/v2\/comments?post=4343"}],"version-history":[{"count":1,"href":"https:\/\/ambkiev.esteri.it\/it\/wp-json\/wp\/v2\/pages\/4343\/revisions"}],"predecessor-version":[{"id":4345,"href":"https:\/\/ambkiev.esteri.it\/it\/wp-json\/wp\/v2\/pages\/4343\/revisions\/4345"}],"up":[{"embeddable":true,"href":"https:\/\/ambkiev.esteri.it\/it\/wp-json\/wp\/v2\/pages\/68"}],"wp:attachment":[{"href":"https:\/\/ambkiev.esteri.it\/it\/wp-json\/wp\/v2\/media?parent=4343"}],"curies":[{"name":"wp","href":"https:\/\/api.w.org\/{rel}","templated":true}]}}