{"id":4352,"date":"2025-06-25T15:45:06","date_gmt":"2025-06-25T12:45:06","guid":{"rendered":"https:\/\/ambkiev.esteri.it\/?page_id=4352"},"modified":"2025-06-25T15:45:06","modified_gmt":"2025-06-25T12:45:06","slug":"documentazione-per-provare-la-residenza-in-italia-per-almeno-due-anni-continuativi-dopo-lacquisizione-della-cittadinanza-e-prima-della-nascita-del-figlio","status":"publish","type":"page","link":"https:\/\/ambkiev.esteri.it\/it\/servizi-consolari-e-visti\/servizi-per-il-cittadino-italiano\/stato-civile\/documentazione-per-provare-la-residenza-in-italia-per-almeno-due-anni-continuativi-dopo-lacquisizione-della-cittadinanza-e-prima-della-nascita-del-figlio\/","title":{"rendered":"Documentazione per Provare la Residenza in Italia per Almeno Due Anni Continuativi (Dopo l&#8217;Acquisizione della Cittadinanza e Prima della Nascita del Figlio)"},"content":{"rendered":"<p style=\"text-align: justify;\">Per attestare la residenza in Italia per almeno due anni consecutivi, dopo l&#8217;acquisizione della cittadinanza italiana e prima della nascita del figlio\/a, \u00e8 necessaria la seguente documentazione:<\/p>\n<ul style=\"text-align: justify;\">\n<li><strong>Documento d&#8217;identit\u00e0 italiano valido del genitore italiano<\/strong> (passaporto o carta d&#8217;identit\u00e0). Se il genitore \u00e8 deceduto, presentare l&#8217;ultimo documento valido in suo possesso.<\/li>\n<li><strong>Certificato di Cittadinanza<\/strong> rilasciato dal Comune italiano competente entro sei mesi dalla data della richiesta di trascrizione della nascita. <u>Questo certificato deve includere la data di acquisizione della cittadinanza italiana.<\/u><\/li>\n<\/ul>\n<p style=\"text-align: justify;\"><strong>Certificato Storico di Residenza<\/strong> rilasciato dal Comune di ultima residenza o di iscrizione AIRE (Anagrafe degli Italiani Residenti all&#8217;Estero) del genitore.<\/p>\n","protected":false},"excerpt":{"rendered":"Per attestare la residenza in Italia per almeno due anni consecutivi, dopo l&#8217;acquisizione della cittadinanza italiana e prima della nascita del figlio\/a, \u00e8 necessaria la seguente documentazione: Documento d&#8217;identit\u00e0 italiano valido del genitore italiano (passaporto o carta d&#8217;identit\u00e0). Se il genitore \u00e8 deceduto, presentare l&#8217;ultimo documento valido in suo possesso. Certificato di Cittadinanza rilasciato dal [&hellip;]","protected":false},"author":8,"featured_media":0,"parent":68,"menu_order":1,"comment_status":"closed","ping_status":"closed","template":"","meta":{"footnotes":""},"class_list":["post-4352","page","type-page","status-publish","hentry"],"_links":{"self":[{"href":"https:\/\/ambkiev.esteri.it\/it\/wp-json\/wp\/v2\/pages\/4352","targetHints":{"allow":["GET"]}}],"collection":[{"href":"https:\/\/ambkiev.esteri.it\/it\/wp-json\/wp\/v2\/pages"}],"about":[{"href":"https:\/\/ambkiev.esteri.it\/it\/wp-json\/wp\/v2\/types\/page"}],"author":[{"embeddable":true,"href":"https:\/\/ambkiev.esteri.it\/it\/wp-json\/wp\/v2\/users\/8"}],"replies":[{"embeddable":true,"href":"https:\/\/ambkiev.esteri.it\/it\/wp-json\/wp\/v2\/comments?post=4352"}],"version-history":[{"count":1,"href":"https:\/\/ambkiev.esteri.it\/it\/wp-json\/wp\/v2\/pages\/4352\/revisions"}],"predecessor-version":[{"id":4355,"href":"https:\/\/ambkiev.esteri.it\/it\/wp-json\/wp\/v2\/pages\/4352\/revisions\/4355"}],"up":[{"embeddable":true,"href":"https:\/\/ambkiev.esteri.it\/it\/wp-json\/wp\/v2\/pages\/68"}],"wp:attachment":[{"href":"https:\/\/ambkiev.esteri.it\/it\/wp-json\/wp\/v2\/media?parent=4352"}],"curies":[{"name":"wp","href":"https:\/\/api.w.org\/{rel}","templated":true}]}}