{"id":49,"date":"2023-04-11T18:13:11","date_gmt":"2023-04-11T16:13:11","guid":{"rendered":"https:\/\/ambasciatapraga.esteri.it\/?page_id=49"},"modified":"2024-08-05T17:26:51","modified_gmt":"2024-08-05T14:26:51","slug":"passaporti-e-carte-didentita","status":"publish","type":"page","link":"https:\/\/ambkiev.esteri.it\/it\/servizi-consolari-e-visti\/servizi-per-il-cittadino-italiano\/passaporti-e-carte-didentita\/","title":{"rendered":"Passaporti e Carte d\u2019identit\u00e0"},"content":{"rendered":"<p><strong>Passaporto<\/strong><\/p>\n<p><em>MODIFICA DELLE NORME PER IL RILASCIO DI PASSAPORTI E CARTE D&#8217;IDENTITA&#8217; VALIDE PER L&#8217;ESPATRIO (LEGGE 1185\/1967): ABOLIZIONE DELL&#8217;ATTO DI ASSENSO PER I GENITORI DI FIGLI MINORI.<\/em><\/p>\n<p>Si informano i connazionali, genitori di figli minori, che a partire dal 14 giugno 2023 non sar\u00e0 pi\u00f9 necessario presentare l\u2019atto di assenso dell\u2019altro genitore ai fini del rilascio del proprio documento d\u2019identit\u00e0 (passaporto e CIE), ai sensi del D.L. 69\/2023.<\/p>\n<p>Nello specifico il novellato articolo 3-bis della L. 1185\/1967 indica che, quando vi \u00e8 concreto e attuale pericolo che a causa del trasferimento all&#8217;estero questo possa sottrarsi all&#8217;adempimento dei suoi obblighi verso i figli, sar\u00e0 possibile per l\u2019altro genitore richiedere una inibitoria al rilascio del documento.<\/p>\n<p>L\u2019istanza potr\u00e0 essere presentata presso il giudice competente presso il Tribunale ordinario in cui il minore ha la residenza abituale ovvero, se il minore \u00e8 residente all\u2019estero, il Tribunale nel cui circondario si trova il suo Comune di iscrizione AIRE.<\/p>\n<p>Ai fini del rilascio dei documenti per i minori, invece, resta l\u2019obbligo dell\u2019assenso firmato da entrambi i genitori o da chi esercita la responsabilit\u00e0 genitoriale.<\/p>\n<p>Si prega di trovare qui il <a href=\"https:\/\/ambkiev.esteri.it\/wp-content\/uploads\/2023\/11\/Dichiarazione_assenza_ostative_passaporto.docx\">modulo<\/a>.<\/p>\n<p>Il passaporto \u00e8 un documento sia di viaggio che di riconoscimento rilasciato:<\/p>\n<p>\u2022 in Italia dalle Questure;<br \/>\n\u2022 in Ucraina dall&#8217;Ambasciata d&#8217;Italia a Kiev;<br \/>\n\u2022 negli alti paesi dalle Rappresentanze diplomatico italiane consolari ivi presenti.<br \/>\n\u00c8 valido per tutti i Paesi i cui Governi sono riconosciuti dal Governo italiano.<br \/>\nNel ricordare che il possesso del passaporto \u00e8 quindi requisito essenziale per l\u2019ingresso nella maggior parte dei Paesi extraeuropei, prima di intraprendere un viaggio si raccomanda una attenta consultazione del sito web\u00a0<a href=\"http:\/\/www.viaggiaresicuri.it\/\">www.viaggiaresicuri.it<\/a>\u00a0dove sar\u00e0 possibile consultare, per ogni singolo Stato di destinazione, le informazioni aggiornate sul\/i documento\/i di viaggio richiesto\/i per l\u2019ingresso nel Paese e su eventuali restrizioni e\/o requisiti specifici.<\/p>\n<p><strong>Rilascio del passaporto<\/strong><\/p>\n<p style=\"text-align: justify;\">La domanda di rilascio del passaporto va presentata all\u2019Ufficio competente territorialmente in base alla residenza del richiedente, in Italia o all\u2019estero. I cittadini italiani residenti e regolarmente iscritti all&#8217;AIRE nella circoscrizione consolare dell&#8217;Ucraina possono dunque chiedere il rilascio del passaporto presso l&#8217;Ambasciata d&#8217;Italia a Kiev prendendo appuntamento attraverso l&#8217;indirizzo di posta elettronica\u00a0<a href=\"mailto:consolato.kiev@esteri.it\">consolato.kiev@esteri.it<\/a>.<br \/>\nIn casi particolari, l&#8217;Ambasciata d&#8217;Italia a Kiev pu\u00f2 rilasciare il passaporto anche per i cittadini Italiani non residenti e non iscritti all&#8217;AIRE nella circoscrizione consolare dell&#8217;Ucraina; in tali casi l&#8217;Ambasciata d&#8217;Italia a Kiev dovr\u00e0 necessariamente acquisire preventivamente il nulla osta e la delega da parte dell&#8217;Ufficio (Questura o Consolato) competente per residenza. Il nulla osta e la delega devono sempre essere espressi.<br \/>\nNel caso in cui la domanda venga presentata presso una circoscrizione consolare in cui non si \u00e8 residenti, \u00e8 dunque bene tenere presente che la necessaria delega della Questura\/Consolato competente potrebbe rendere pi\u00f9 lunghi i tempi di rilascio.<br \/>\nPertanto, al fine di abbreviare i tempi di rilascio del passaporto si consiglia, ai cittadini italiani non residenti e non iscritti all&#8217;AIRE nella circoscrizione consolare dell&#8217;Ucraina e che intendano richiedere il passaporto preso questa Ambasciata, di prendere preventivamente contatti con l&#8217;Ufficio consolare attraverso l&#8217;indirizzo di posta elettronica\u00a0<a href=\"mailto:consolato.kiev@esteri.it\">consolato.kiev@esteri.it<\/a>.<\/p>\n<p><strong><br \/>\nTipologia di passaporto<\/strong><\/p>\n<p style=\"text-align: justify;\">La normativa vigente prevede da parte delle Rappresentanze diplomatiche consolari italiane all&#8217;estero il rilascio del passaporto ordinario costituito da un libretto a formato unico a 48 pagine contente al suo interno in forma digitale i dati biometrici del titolare;<br \/>\nIl passaporto ordinario utilizza moderne tecnologie, quali la stampa anticontraffazione ed un microprocessore contenente i dati del titolare e dell\u2019autorit\u00e0 che lo ha rilasciato, che offrono standard elevati di sicurezza.<br \/>\nTutti i passaporti in corso di validit\u00e0, compresi quelli con figli minori iscritti, restano validi fino alla loro naturale data di scadenza.<br \/>\nLa validit\u00e0 temporale del passaporto differisce in base all\u2019et\u00e0 del titolare:<br \/>\n\u2022 per i minori di 3 anni la validit\u00e0 \u00e8 di 3 anni;<br \/>\n\u2022 per i minori dai 3 ai 18 anni la validit\u00e0 \u00e8 di 5 anni;<br \/>\n\u2022 per i maggiorenni la validit\u00e0 \u00e8 di 10 anni.<br \/>\nI passaporti scaduti non possono pi\u00f9 essere rinnovati.<\/p>\n<p><strong><br \/>\nDocumentazione necessaria ai fini del rilascio del passaporto ordinario:<\/strong><\/p>\n<p>\u2022 <a href=\"https:\/\/ambkiev.esteri.it\/wp-content\/uploads\/2023\/11\/Domanda-passaporto.docx\">formulario di richiesta del passaporto<\/a>, debitamente compilato e sottoscritto dall&#8217;interessato;<br \/>\n\u2022 nel caso di minori di anni 18 il <a href=\"https:\/\/ambkiev.esteri.it\/wp-content\/uploads\/2023\/11\/Domanda-passaporto-o-ETD-minore.docx\">formulario di richiesta del passaporto per il minore<\/a>, debitamente compilato, deve essere sottoscritto da uno o da entrambi i genitori;<br \/>\n\u2022 esibizione di un documento di riconoscimento del richiedente il passaporto;<br \/>\n\u2022 pagamento del costo del libretto e del contributo amministrativo;<br \/>\n\u2022 nel caso in cui il richiedente sia un minore di anni 18, atto di assenso di entrambi genitori;<br \/>\n\u2022 nel caso in cui il richiedente sia un minore di anni 18 nato all&#8217;estero, \u00e8 necessario presentare all&#8217;Ufficio consolare \u2013 che, laddove non si sia gi\u00e0 provveduto in tal senso, provveder\u00e0 alla trasmissione in Italia, per la successiva trascrizione nei registri di stato civile del Comune di riferimento &#8211; l\u2019atto di nascita, tradotto e munito di apostille.<\/p>\n<p><strong><br \/>\nPassaporto individuale per i minori<\/strong><\/p>\n<p style=\"text-align: justify;\">Tutti i minori italiani che viaggiano devono essere muniti di documento di viaggio individuale e non \u00e8 pi\u00f9 consentito l&#8217;inserimento del minore nel passaporto dei genitori.<br \/>\nLa validit\u00e0 temporale del passaporto rilasciato ad un minore \u00e8 differenziata in base all&#8217;et\u00e0 dello stesso:<br \/>\n\u2022 3 anni di validit\u00e0 per i minori da 0 a 3 anni;<br \/>\n\u2022 5 anni di validit\u00e0 per i minori da 3 a 18 anni.<br \/>\nGli esercenti la potest\u00e0 genitoriale possono chiedere agli Uffici competenti a rilasciare il documento che i propri nomi siano riportati sul passaporto del figlio minore. Qualora tale indicazione non dovesse essere presente, prima di intraprendere il viaggio si consiglia di munirsi di un certificato di stato di famiglia o di estratto di nascita del minore da esibire in frontiera qualora le autorit\u00e0 lo richiedano nell&#8217;esercizio delle funzioni di controllo finalizzate a sventare il pericolo di sottrazione di minori.<\/p>\n<p><strong><br \/>\nDichiarazione di accompagnamento<\/strong><\/p>\n<p style=\"text-align: justify;\">Fino al compimento dei 14 anni i minori italiani possono espatriare a condizione che viaggino accompagnati da almeno un genitore o da chi ne fa le veci oppure che venga menzionato sul passaporto, o su una dichiarazione di accompagnamento rilasciata da chi pu\u00f2 dare l\u2019assenso o l\u2019autorizzazione, e vistata da un\u2019autorit\u00e0 competente al rilascio (Questura in Italia, ufficio consolare all&#8217;estero), il nome della persona, dell\u2019ente o della compagnia di trasporto a cui i minori medesimi sono affidati.<br \/>\nSi evidenziano di seguito le caratteristiche principali della dichiarazione di accompagnamento:<br \/>\n\u2022 la dichiarazione di accompagnamento pu\u00f2 riguardare un solo viaggio (da intendersi come andata e\/o ritorno) dal Paese di residenza del minore con destinazione determinata e non pu\u00f2 eccedere, di norma, il termine massimo di sei mesi;<br \/>\n\u2022 gli esercenti la responsabilit\u00e0 genitoriale o tutoria possono indicare fino ad un massimo di due accompagnatori, che saranno tuttavia alternativi fra di loro;<br \/>\n\u2022 nel rendere la dichiarazione di accompagnamento, gli esercenti la responsabilit\u00e0 genitoriale o tutoria possono chiedere che i nominativi degli accompagnatori, la durata del viaggio e la destinazione siano stampati sul passaporto del minore o in alternativa che tali dati siano riportati in una separata attestazione, che verr\u00e0 stampata dall&#8217;Ufficio competente;<br \/>\n\u2022 nel caso in cui il minore sia affidato ad un ente o ad una compagnia di trasporto, per garantire la completezza e la leggibilit\u00e0 dei dati relativi al viaggio, \u00e8 rilasciata unicamente l\u2019attestazione. Si suggerisce, prima di acquistare il biglietto della compagnia di trasporto di verificare che la stessa accetti che il minore sia ad essa affidato.<\/p>\n<p><strong><br \/>\nRilevazione delle impronte digitali<\/strong><\/p>\n<p style=\"text-align: justify;\">L&#8217;obbligo di inserimento delle impronte digitali nel passaporto \u00e8 stato disposto dalla normativa europea, che ne ha fissato l&#8217;avvio al 29 giugno 2009.<br \/>\nIl rilascio del passaporto elettronico con le impronte digitali e la firma digitalizzata richiede la presenza fisica del connazionale presso l&#8217;Ufficio consolare.<br \/>\nPertanto il richiedente dovr\u00e0 necessariamente &#8211; previo appuntamento &#8211; recarsi in Ambasciata per la rilevazione delle impronte digitali, l\u2019apposizione della firma e il rilascio a vista del documento.<br \/>\nI minori di anni 12 sono esentati dalla rilevazione delle impronte digitali.<\/p>\n<p><strong><br \/>\nAcquisizione della firma in formato digitale<\/strong><\/p>\n<p style=\"text-align: justify;\">All&#8217;atto della rilevazione delle impronte viene acquisita digitalmente anche la firma del titolare, che viene poi stampata nella pagina contenente i dati anagrafici.<br \/>\nI minori di anni 12 sono esentati dall&#8217;apposizione della firma.<\/p>\n<p><strong><br \/>\nCosto del passaporto ordinario<\/strong><\/p>\n<p style=\"text-align: justify;\">Il costo attuale del libretto \u00e8 stabilito nel corrispondente in valuta locale (grivne ucraine) di \u20ac 42,50 a cui si aggiunge il contributo amministrativo stabilito nel corrispondente in valuta locale (grivne ucraine) di \u20ac73.50.<br \/>\nIl corrispondente in valuta locale verr\u00e0 calcolato in base al tasso trimestrale di ragguaglio tra euro e grivna ucraina pubblicato sull&#8217;Albo consolare dell&#8217;Ambasciata.<br \/>\nIl pagamento dovr\u00e0 essere effettuato al momento della presentazione della domanda di passaporto.<\/p>\n<p><strong><br \/>\nEsaurimento delle pagine per i visti<\/strong><\/p>\n<p style=\"text-align: justify;\">Qualora si intenda richiedere un nuovo libretto a causa dell\u2019esaurimento delle pagine per i visti, la procedura da seguire \u00e8 la stessa prevista per il rilascio del passaporto ordinario.<\/p>\n<p><strong><br \/>\nFurto o smarrimento del passaporto all\u2019estero<\/strong><\/p>\n<p>Qualora il cittadino italiano si trovi in una situazione di emergenza (ad esempio un turista in transito che deve partire tempestivamente e ha perso o \u00e8 stato derubato del proprio passaporto) e non si faccia in tempo ad esperire la necessaria istruttoria per l\u2019emissione di un nuovo passaporto, l&#8217;Ufficio consolare rilascia un documento di viaggio provvisorio, chiamato anche E.T.D. (Emergency Travel Document), con validit\u00e0 per il solo viaggio di rientro in Italia, nel Paese di stabile residenza all\u2019estero o, in casi eccezionali, per una diversa destinazione.<br \/>\nUlteriori informazioni sono disponibili nella sezione \u201c<a href=\"https:\/\/ambkiev.esteri.it\/it\/servizi-consolari-e-visti\/servizi-per-il-cittadino-italiano\/emergency-travel-documents-etd\/\">Documento di viaggio provvisorio<\/a>\u201d.<\/p>\n<p>&nbsp;<\/p>\n","protected":false},"excerpt":{"rendered":"Passaporto MODIFICA DELLE NORME PER IL RILASCIO DI PASSAPORTI E CARTE D&#8217;IDENTITA&#8217; VALIDE PER L&#8217;ESPATRIO (LEGGE 1185\/1967): ABOLIZIONE DELL&#8217;ATTO DI ASSENSO PER I GENITORI DI FIGLI MINORI. Si informano i connazionali, genitori di figli minori, che a partire dal 14 giugno 2023 non sar\u00e0 pi\u00f9 necessario presentare l\u2019atto di assenso dell\u2019altro genitore ai fini del [&hellip;]","protected":false},"author":1,"featured_media":0,"parent":47,"menu_order":6,"comment_status":"closed","ping_status":"closed","template":"","meta":{"footnotes":""},"class_list":["post-49","page","type-page","status-publish","hentry"],"_links":{"self":[{"href":"https:\/\/ambkiev.esteri.it\/it\/wp-json\/wp\/v2\/pages\/49","targetHints":{"allow":["GET"]}}],"collection":[{"href":"https:\/\/ambkiev.esteri.it\/it\/wp-json\/wp\/v2\/pages"}],"about":[{"href":"https:\/\/ambkiev.esteri.it\/it\/wp-json\/wp\/v2\/types\/page"}],"author":[{"embeddable":true,"href":"https:\/\/ambkiev.esteri.it\/it\/wp-json\/wp\/v2\/users\/1"}],"replies":[{"embeddable":true,"href":"https:\/\/ambkiev.esteri.it\/it\/wp-json\/wp\/v2\/comments?post=49"}],"version-history":[{"count":4,"href":"https:\/\/ambkiev.esteri.it\/it\/wp-json\/wp\/v2\/pages\/49\/revisions"}],"predecessor-version":[{"id":3213,"href":"https:\/\/ambkiev.esteri.it\/it\/wp-json\/wp\/v2\/pages\/49\/revisions\/3213"}],"up":[{"embeddable":true,"href":"https:\/\/ambkiev.esteri.it\/it\/wp-json\/wp\/v2\/pages\/47"}],"wp:attachment":[{"href":"https:\/\/ambkiev.esteri.it\/it\/wp-json\/wp\/v2\/media?parent=49"}],"curies":[{"name":"wp","href":"https:\/\/api.w.org\/{rel}","templated":true}]}}