{"id":68,"date":"2023-04-11T18:18:08","date_gmt":"2023-04-11T16:18:08","guid":{"rendered":"https:\/\/ambasciatapraga.esteri.it\/?page_id=68"},"modified":"2025-06-25T15:55:11","modified_gmt":"2025-06-25T12:55:11","slug":"stato-civile","status":"publish","type":"page","link":"https:\/\/ambkiev.esteri.it\/it\/servizi-consolari-e-visti\/servizi-per-il-cittadino-italiano\/stato-civile\/","title":{"rendered":"Stato Civile"},"content":{"rendered":"<p style=\"text-align: justify;\"><strong><u>Nascita<\/u><\/strong><\/p>\n<p style=\"text-align: justify;\"><strong>AVVISO<\/strong><\/p>\n<p style=\"text-align: justify;\"><strong>NUOVA NORMATIVA SULLA CITTADINANZA<\/strong><\/p>\n<p style=\"text-align: justify;\"><strong>Acquisizione Automatica della Cittadinanza Italiana per Figli Minorenni Nati all&#8217;Estero da Cittadini Italiani<\/strong><\/p>\n<p style=\"text-align: justify;\">Il recente D.L. 28\/03\/2025 n. 36, convertito con modificazioni nella <strong>Legge 23 maggio 2025, n. 74<\/strong>, ha introdotto nuovi limiti all\u2019acquisto della cittadinanza italiana.<\/p>\n<p style=\"text-align: justify;\">Pertanto, un minore nato all&#8217;estero da genitori italiani <strong>acquisisce automaticamente la cittadinanza italiana solo se si verifica almeno una delle seguenti condizioni<\/strong>:<\/p>\n<ul style=\"text-align: justify;\">\n<li><strong>Cittadinanza Esclusivamente Italiana al Momento della Nascita:<\/strong> Il minore non deve possedere, n\u00e9 poter acquisire, alcuna altra cittadinanza al momento della nascita (ad esempio, per diritto di sangue, per nascita sul territorio, per opzione, ecc.). Per la trascrizione \u00e8 necessario allegare <strong>documenti che dimostrino in modo idoneo<\/strong> che il minore non aveva la possibilit\u00e0 di acquisire alcuna cittadinanza straniera alla nascita.<\/li>\n<\/ul>\n<p style=\"text-align: justify;\"><em>Per dettagli sulla documentazione, consultare <\/em><a href=\"https:\/\/ambkiev.esteri.it\/it\/servizi-consolari-e-visti\/servizi-per-il-cittadino-italiano\/stato-civile\/documentazione-per-dimostrare-la-cittadinanza-italiana-esclusiva\/\"><em>il link <\/em><\/a><em>fornito.<\/em><\/p>\n<ul style=\"text-align: justify;\">\n<li><strong>Ascendente (Genitore o Nonno) con Cittadinanza Esclusivamente Italiana:<\/strong> Alla data di nascita del minore, un ascendente di primo o secondo grado (genitore o nonno) <strong>deve possedere esclusivamente la cittadinanza italiana<\/strong> (o l&#8217;aveva al momento della morte, se avvenuta prima della nascita del minore). \u00c8 richiesta una <strong>documentazione inconfutabile<\/strong> che attesti che, alla nascita del minore, uno dei genitori o dei nonni fosse esclusivamente cittadino italiano (o lo fosse al momento del decesso, se precedente alla nascita del minore). <strong>\u00c8 esclusiva responsabilit\u00e0 del richiedente<\/strong> fornire prove valide di non naturalizzazione, rilasciate dalle autorit\u00e0 competenti di tutti i Paesi in cui l&#8217;ascendente abbia eventualmente risieduto. Non saranno accettate autodichiarazioni sul mancato possesso di altre cittadinanze.<\/li>\n<\/ul>\n<p style=\"text-align: justify;\"><em>Per dettagli sulla documentazione, consultare <\/em><a href=\"https:\/\/ambkiev.esteri.it\/it\/servizi-consolari-e-visti\/servizi-per-il-cittadino-italiano\/stato-civile\/documentazione-per-provare-la-cittadinanza-italiana-esclusiva-di-genitori-o-nonni\/\"><em>il link <\/em><\/a><em>fornito.<\/em><\/p>\n<ul style=\"text-align: justify;\">\n<li><strong>Genitore Cittadino Italiano Residente in Italia per Almeno 2 Anni Continuativi (Dopo l&#8217;Acquisizione della Cittadinanza e Prima della Nascita del Figlio):<\/strong> Il genitore cittadino italiano che ha acquisito la cittadinanza (per matrimonio, residenza o beneficio di legge) <strong>deve dimostrare di aver risieduto in Italia per almeno due anni consecutivi<\/strong> dopo aver ottenuto la cittadinanza italiana e prima della nascita del figlio. Non \u00e8 rilevante la residenza in Italia del genitore prima dell&#8217;acquisto della cittadinanza, n\u00e9 la residenza del genitore straniero. Autodichiarazioni sulla residenza non saranno considerate valide. <strong>\u00c8 esclusiva responsabilit\u00e0 del richiedente<\/strong> fornire una prova valida della residenza.<\/li>\n<\/ul>\n<p style=\"text-align: justify;\"><em>Per dettagli sulla documentazione, consultare <\/em><a href=\"https:\/\/ambkiev.esteri.it\/it\/servizi-consolari-e-visti\/servizi-per-il-cittadino-italiano\/stato-civile\/documentazione-per-provare-la-residenza-in-italia-per-almeno-due-anni-continuativi-dopo-lacquisizione-della-cittadinanza-e-prima-della-nascita-del-figlio\/\"><em>il link <\/em><\/a><em>fornito.<\/em><\/p>\n<p>&nbsp;<\/p>\n<p style=\"text-align: justify;\"><strong>CASO PARTICOLARE: Maternit\u00e0 surrogata<\/strong><\/p>\n<p style=\"text-align: justify;\">La\u00a0 \u201cmaternit\u00e0 surrogata\u201d \u00e8 una pratica assolutamente legale in alcuni Paesi, tra cui L\u2019Ucraina, ma\u00a0<strong>vietata in Italia<\/strong>\u00a0dalla\u00a0<a href=\"https:\/\/www.normattiva.it\/uri-res\/N2Ls?urn:nir:stato:decreto.presidente.della.repubblica:2004;40~art12!vig=#:~:text=Chiunque%2C%20in%20qualsiasi%20forma%2C%20realizza,a%20un%20milione%20di%20euro.\">Legge 40 del 19 febbraio 2004<\/a>.<\/p>\n<p style=\"text-align: justify;\">Questa legge \u00e8 stata recentemente modificata prevedendo, all\u2019art.12 comma 6,\u00a0che le pene previste in caso di violazione della stessa si applicano alle condotte compiute dal cittadino italiano\u00a0<u>anche se poste in essere in territorio estero.<\/u><\/p>\n<p style=\"text-align: justify;\">Questa Cancelleria Consolare, nel caso in cui venga richiesto di inviare al Comune in Italia l\u2019atto di nascita relativo ad un minore nato con tale pratica, \u00e8 tenuta a\u00a0<strong>procedere con la richiesta di trascrizione al Comune<\/strong>, comunicando le particolari condizioni della nascita e, nel contempo, \u00e8 obbligato a\u00a0<strong>segnalare l\u2019ipotesi di reato alla Procura della Repubblica<\/strong>\u00a0competente per territorio.<\/p>\n<p style=\"text-align: justify;\">Si richiama pertanto l\u2019attenzione degli interessati sulle possibili conseguenze derivanti dalla violazione dell\u2019ordinamento italiano.<\/p>\n<p style=\"text-align: justify;\">Per eventuali chiarimenti, \u00e8 possibile contattare l\u2019Ufficio Consolare scrivendo a: <a href=\"mailto:consolato.kiev@esteri.it\">consolato.kiev@esteri.it<\/a>.<\/p>\n<p>&nbsp;<\/p>\n<p style=\"text-align: justify;\"><u><b>Matrimonio da celebrare davanti all&#8217;autorit\u00e0\u00a0ucraina<\/b><br \/>\n<\/u>Nel caso il\/la connazionale desideri celebrare il matrimonio di fronte alle autorit\u00e0 ucraine, \u00e8 necessario compilare i seguenti moduli:<br \/>\n\u2022\u00a0(autocertificazione)<\/p>\n<p style=\"text-align: justify;\">N.B. Le autorit\u00e0 ucraine non richiedono le pubblicazioni di matrimonio.<\/p>\n<p style=\"text-align: justify;\"><strong><u>Riconoscimento di sentenze straniere<br \/>\n<\/u><\/strong>Le sentenze emesse nel territorio ucraino, munite di legalizzazione e traduzione in italiano, possono essere presentate per la trascrizione in Italia:<br \/>\n\u2022 al Comune italiano, direttamente dall\u2019interessato;<br \/>\n\u2022 oppure all\u2019Ambasciata d\u2019Italia a Kiev con richiesta di trascrizione.<\/p>\n<p style=\"text-align: justify;\">Per richiedere la trascrizione \u00e8 necessario esibire un documento d\u2019identit\u00e0 in corso di validit\u00e0 e produrre:<br \/>\n\u2022 istanza di trasmissione della sentenza sotto forma di dichiarazione sostitutiva di atto notorio nella quale si dichiara che la sentenza \u00e8 passata in giudicato (se ci\u00f2 non compare nel testo della sentenza), che non \u00e8 contraria ad altre sentenze pronunciate da un giudice italiano e che non pende un giudizio davanti a un giudice italiano per il medesimo oggetto e fra le stesse parti;<br \/>\n\u2022 copia integrale della sentenza completa dei requisiti di cui all\u2019art. 64 della legge 218\/1995, debitamente legalizzata e tradotta.<\/p>\n","protected":false},"excerpt":{"rendered":"Nascita AVVISO NUOVA NORMATIVA SULLA CITTADINANZA Acquisizione Automatica della Cittadinanza Italiana per Figli Minorenni Nati all&#8217;Estero da Cittadini Italiani Il recente D.L. 28\/03\/2025 n. 36, convertito con modificazioni nella Legge 23 maggio 2025, n. 74, ha introdotto nuovi limiti all\u2019acquisto della cittadinanza italiana. Pertanto, un minore nato all&#8217;estero da genitori italiani acquisisce automaticamente la cittadinanza [&hellip;]","protected":false},"author":1,"featured_media":0,"parent":47,"menu_order":4,"comment_status":"closed","ping_status":"closed","template":"","meta":{"footnotes":""},"class_list":["post-68","page","type-page","status-publish","hentry"],"_links":{"self":[{"href":"https:\/\/ambkiev.esteri.it\/it\/wp-json\/wp\/v2\/pages\/68","targetHints":{"allow":["GET"]}}],"collection":[{"href":"https:\/\/ambkiev.esteri.it\/it\/wp-json\/wp\/v2\/pages"}],"about":[{"href":"https:\/\/ambkiev.esteri.it\/it\/wp-json\/wp\/v2\/types\/page"}],"author":[{"embeddable":true,"href":"https:\/\/ambkiev.esteri.it\/it\/wp-json\/wp\/v2\/users\/1"}],"replies":[{"embeddable":true,"href":"https:\/\/ambkiev.esteri.it\/it\/wp-json\/wp\/v2\/comments?post=68"}],"version-history":[{"count":7,"href":"https:\/\/ambkiev.esteri.it\/it\/wp-json\/wp\/v2\/pages\/68\/revisions"}],"predecessor-version":[{"id":4365,"href":"https:\/\/ambkiev.esteri.it\/it\/wp-json\/wp\/v2\/pages\/68\/revisions\/4365"}],"up":[{"embeddable":true,"href":"https:\/\/ambkiev.esteri.it\/it\/wp-json\/wp\/v2\/pages\/47"}],"wp:attachment":[{"href":"https:\/\/ambkiev.esteri.it\/it\/wp-json\/wp\/v2\/media?parent=68"}],"curies":[{"name":"wp","href":"https:\/\/api.w.org\/{rel}","templated":true}]}}