{"id":72,"date":"2023-04-11T18:19:34","date_gmt":"2023-04-11T16:19:34","guid":{"rendered":"https:\/\/ambasciatapraga.esteri.it\/?page_id=72"},"modified":"2026-03-25T17:23:36","modified_gmt":"2026-03-25T14:23:36","slug":"pensioni-e-sicurezza-sociale","status":"publish","type":"page","link":"https:\/\/ambkiev.esteri.it\/it\/servizi-consolari-e-visti\/servizi-per-il-cittadino-italiano\/pensioni-e-sicurezza-sociale\/","title":{"rendered":"Pensioni e sicurezza sociale"},"content":{"rendered":"<p style=\"text-align: justify;\"><strong>Esistenza in vita \u2013 per chi riceve una pensione italiana<\/strong><\/p>\n<p><strong>Accertamento dell\u2019esistenza in vita 2026<\/strong><\/p>\n<p>A partire dal <strong>20 marzo 2026 <\/strong>Citibank N.A. cura la spedizione delle richieste di attestazione dell\u2019esistenza in vita e i pensionati devono fare pervenire le attestazioni entro il <strong>18 luglio 2026<\/strong>. Si invitano i pensionati di seguire tempestivamente la procedura di accertamento dell\u2019esistenza in vita, indicata di seguito.<\/p>\n<p style=\"text-align: justify;\">Il modulo di certificazione di esistenza in vita ricevuto da parte di Citibank deve essere restituito alla summenzionata banca, controfirmato da un \u201ctestimone accettabile\u201d. Per \u201ctestimone accettabile\u201d s\u2019intende un rappresentante di un\u2019Ambasciata o Consolato Italiano o un\u2019Autorit\u00e0 locale abilitata ad avallare la sottoscrizione dell\u2019attestazione di esistenza in vita. La tipologia di \u201ctestimone accettabile\u201d per Ucraina \u00e8 riportata sul sito di Citibank ed \u00e8 la seguente:<\/p>\n<table width=\"0\">\n<tbody>\n<tr>\n<td width=\"295\"><strong>Testimoni accettabili<\/strong><\/td>\n<td width=\"590\"><strong>Categoria\u00a0(non una lista di testimoni, riferirsi alla prima Colonna per i testimoni validi)<\/strong><\/td>\n<\/tr>\n<tr>\n<td width=\"295\">\u0417\u0438\u043c\u043d\u043e\u0432\u043e\u0434\u0456\u0432\u0441\u044c\u043a\u0430 \u0440\u0430\u0434\u0430<\/td>\n<td width=\"590\">Comune\/ Ufficio Imposte\/Assicurazione Pensionistica\/ Registro Cittadini<\/td>\n<\/tr>\n<tr>\n<td width=\"295\">\u0412\u0438\u043a\u043e\u043d\u0430\u0432\u0447\u0438\u0439 \u043a\u043e\u043c\u0456\u0442\u0435\u0442<\/td>\n<td width=\"590\">Comune\/ Ufficio Imposte\/Assicurazione Pensionistica\/ Registro Cittadini<\/td>\n<\/tr>\n<tr>\n<td width=\"295\">Notaio<\/td>\n<td width=\"590\">Notaio<\/td>\n<\/tr>\n<tr>\n<td width=\"295\">Italian Embassy\/Consulate<\/td>\n<td width=\"590\">Ambasciate\/Consolati<\/td>\n<\/tr>\n<tr>\n<td width=\"295\">\u00a0\u00a0\u00a0\u00a0\u00a0\u00a0\u00a0\u00a0\u00a0\u00a0\u00a0\u00a0\u00a0\u00a0\u00a0\u00a0\u00a0\u00a0 Giudici<\/td>\n<td width=\"590\">Giudici\/Magistrati\/Avvocati\/Giudice di Pace\/Membro del Parlamento<\/td>\n<\/tr>\n<\/tbody>\n<\/table>\n<p><strong>\u00a0<\/strong><\/p>\n<p style=\"text-align: justify;\">I pensionati che abbiano gi\u00e0 ricevuto il modulo da parte di Citibank e vogliano rivolgersi agli Uffici della Cancelleria Consolare dell&#8217;Ambasciata di Kiev per la controfirma degli stessi, possono recarsi di persona presso gli Uffici dell&#8217;Ambasciata a Kiev nei seguenti orari d\u2019apertura:<\/p>\n<p style=\"text-align: justify;\">-Luned\u00ec 14-16<br \/>\n-Marted\u00ec 9-12<br \/>\n-Mercoled\u00ec 9-12<br \/>\n-Gioved\u00ec 9-12<\/p>\n<p style=\"text-align: justify;\">Si ricorda che sar\u00e0 necessario presentarsi presso gli Uffici della Cancelleria Consolare soltanto dopo aver ricevuto il modulo di attestazione da parte di Citibank in quanto tale modulo dovr\u00e0 essere esibito in Ambasciata, insieme ad una copia del documento di identit\u00e0 valido (passaporto per viaggi all\u2019estero, carta d\u2019identit\u00e0).<\/p>\n<p style=\"text-align: justify;\">Si comunica che al momento non \u00e8 possibile offrire l&#8217;opportunit\u00e0 di effettuare l&#8217;accertamento dell&#8217;esistenza in vita tramite videochiamata.<\/p>\n<p style=\"text-align: justify;\">Nel caso in cui il pensionato si trovi in stato di infermit\u00e0 fisica o mentale, o si tratti di pensionati che risiedono in istituti di riposo o sanitari, pubblici o privati, o di pensionati affetti da patologie che ne impediscano gli spostamenti o di soggetti incapaci o reclusi in istituti di detenzione, \u00e8 necessario contattare il Servizio di supporto di Citi (<a href=\"mailto:inps.pensionati@citi.com\">inps.pensionati@citi.com<\/a>), che render\u00e0 disponibile il modulo alternativo di certificazione di esistenza in vita.<\/p>\n<p style=\"text-align: justify;\">Questo modulo pu\u00f2 essere compilato e sottoscritto unicamente da uno dei seguenti firmatari:<\/p>\n<ul>\n<li style=\"text-align: justify;\">Funzionario dell\u2019Istituzione (es. casa di cura, ospedale, struttura carceraria) dove risiede il\/la pensionato\/a<\/li>\n<li style=\"text-align: justify;\">Medico responsabile della cura del\/della pensionato\/a<\/li>\n<li style=\"text-align: justify;\">Rappresentante legale \/ tutore legale del\/della pensionato\/a<\/li>\n<\/ul>\n<p style=\"text-align: justify;\">Al presente modulo dovr\u00e0 essere allegato uno dei seguenti Documenti di Supporto. La mancanza di un\u2019adeguata Documentazione di Supporto potrebbe impedire la corretta elaborazione del modulo da parte di Citi.<\/p>\n<ul>\n<li style=\"text-align: justify;\">Nel caso sia compilato e sottoscritto da un funzionario dell\u2019Istituzione presso cui risiede il titolare della pensione, \u00e8 necessario allegare allo stesso un\u2019attestazione redatta su carta intestata dell\u2019Istituzione, sottoscritta dal firmatario del medesimo modulo, che dichiari che il pensionato risiede nell\u2019Istituzione ed \u00e8 tuttora vivente. La data di detta attestazione non pu\u00f2 essere antecedente pi\u00f9 di 45 giorni rispetto alla data di spedizione della stessa. OPPURE<\/li>\n<li style=\"text-align: justify;\">Nel caso sia compilato e sottoscritto da un Medico responsabile della cura del\/della pensionato\/a, \u00e8 necessario allegare allo stesso modulo una dichiarazione rilasciata dal predetto medico su propria carta intestata che attesti che il pensionato \u00e8 tuttora vivente ed incapacitato e si trova nell\u2019impossibilit\u00e0 di compilare il Modulo Standard di Dichiarazione di Esistenza in Vita e\/o di muoversi dal proprio domicilio. La data di detta lettera non pu\u00f2 essere antecedente pi\u00f9 di 45 giorni rispetto alla data di spedizione della stessa. OPPURE<\/li>\n<li style=\"text-align: justify;\">Nel caso sia compilato e sottoscritto da un rappresentante \/ tutore legale del pensionato, firmando tale modulo il rappresentante legale \/ tutore legale attesta che il pensionato \u00e8 vivo ed incapacitato. La Documentazione di Supporto da allegare al medesimo dovr\u00e0 essere una copia, certificata da un notaio pubblico, della procura legalmente valida che conferisca pieni poteri al Rappresentante Legale o una copia, certificata da un notaio pubblico, dell\u2019ordine del tribunale che ha attribuito la tutela legale. La copia certificata deve essere recente e datata.<\/li>\n<\/ul>\n<p style=\"text-align: justify;\">Qualora la Documentazione di Supporto sia redatta in una lingua differente dall\u2019italiano, inglese, spagnolo, francese, tedesco o portoghese, \u00e8 preferibile (ma non obbligatorio) che venga acclusa, al relativo modulo, una traduzione del documento per facilitare un\u2019elaborazione pi\u00f9 rapida della Dichiarazione da parte di Citi.<\/p>\n<p>In via ordinaria, i pensionati devono fare pervenire il modulo di attestazione dell\u2019esistenza in vita, correttamente compilato, datato, firmato e corredato della documentazione di supporto, alla casella postale <strong>PO Box 4873, Worthing BN99 3BG, United Kingdom<\/strong>, entro il termine indicato nella lettera esplicativa.<\/p>\n<p><strong>Riemissione delle rate non pagate<\/strong><\/p>\n<p>L\u2019eventuale riemissione delle rate non corrisposte durante il periodo di sospensione dei pagamenti deve essere richiesta alla Struttura territoriale dell\u2019INPS che gestisce la pensione, allegando una copia di un documento di identit\u00e0, la copia del documento che conferma l\u2019esistenza in vita e specificando le indicazioni eventualmente necessarie per la corretta canalizzazione del pagamento.<\/p>\n<p style=\"text-align: justify;\"><strong>Contatti utili:<\/strong><\/p>\n<p style=\"text-align: justify;\"><strong>INPS:\u00a0<\/strong>+39 06 164164 (rispondono operatori)<\/p>\n<p style=\"text-align: justify;\"><strong>CitiBank:<\/strong>\u00a0+39 0269430693 (Milano)<\/p>\n<p style=\"text-align: justify;\">e-mail: <a href=\"mailto:inps.pensionati@citi.com\">inps.pensionati@citi.com<\/a><\/p>\n<p style=\"text-align: justify;\">\u00a0 \u00a0 \u00a0 \u00a0 \u00a0 \u00a0 \u00a0 <a href=\"mailto:pensionati.risposta@citi.com\">pensionati.risposta@citi.com<\/a><\/p>\n<p>&nbsp;<\/p>\n","protected":false},"excerpt":{"rendered":"Esistenza in vita \u2013 per chi riceve una pensione italiana Accertamento dell\u2019esistenza in vita 2026 A partire dal 20 marzo 2026 Citibank N.A. cura la spedizione delle richieste di attestazione dell\u2019esistenza in vita e i pensionati devono fare pervenire le attestazioni entro il 18 luglio 2026. Si invitano i pensionati di seguire tempestivamente la procedura [&hellip;]","protected":false},"author":1,"featured_media":0,"parent":47,"menu_order":12,"comment_status":"closed","ping_status":"closed","template":"","meta":{"footnotes":""},"class_list":["post-72","page","type-page","status-publish","hentry"],"_links":{"self":[{"href":"https:\/\/ambkiev.esteri.it\/it\/wp-json\/wp\/v2\/pages\/72","targetHints":{"allow":["GET"]}}],"collection":[{"href":"https:\/\/ambkiev.esteri.it\/it\/wp-json\/wp\/v2\/pages"}],"about":[{"href":"https:\/\/ambkiev.esteri.it\/it\/wp-json\/wp\/v2\/types\/page"}],"author":[{"embeddable":true,"href":"https:\/\/ambkiev.esteri.it\/it\/wp-json\/wp\/v2\/users\/1"}],"replies":[{"embeddable":true,"href":"https:\/\/ambkiev.esteri.it\/it\/wp-json\/wp\/v2\/comments?post=72"}],"version-history":[{"count":6,"href":"https:\/\/ambkiev.esteri.it\/it\/wp-json\/wp\/v2\/pages\/72\/revisions"}],"predecessor-version":[{"id":4542,"href":"https:\/\/ambkiev.esteri.it\/it\/wp-json\/wp\/v2\/pages\/72\/revisions\/4542"}],"up":[{"embeddable":true,"href":"https:\/\/ambkiev.esteri.it\/it\/wp-json\/wp\/v2\/pages\/47"}],"wp:attachment":[{"href":"https:\/\/ambkiev.esteri.it\/it\/wp-json\/wp\/v2\/media?parent=72"}],"curies":[{"name":"wp","href":"https:\/\/api.w.org\/{rel}","templated":true}]}}