{"id":90,"date":"2023-04-11T18:22:23","date_gmt":"2023-04-11T16:22:23","guid":{"rendered":"https:\/\/ambasciatapraga.esteri.it\/?page_id=90"},"modified":"2023-11-21T15:51:44","modified_gmt":"2023-11-21T12:51:44","slug":"cittadinanza","status":"publish","type":"page","link":"https:\/\/ambkiev.esteri.it\/it\/servizi-consolari-e-visti\/servizi-per-il-cittadino-straniero\/cittadinanza\/","title":{"rendered":"Cittadinanza"},"content":{"rendered":"<p style=\"text-align: justify;\"><strong>Cittadinanza per matrimonio con cittadino\/a italiano\/a<\/strong><\/p>\n<p style=\"text-align: justify;\">L\u2019acquisto della cittadinanza da parte del coniuge straniero o apolide di cittadino italiano \u00e8 disciplinato dagli artt. 5, 6, 7 e 8 della legge 91\/92, modificata in parte dal Decreto Legge 4 ottobre 2018, nr. 11, il coniuge straniero pu\u00f2 acquistare la cittadinanza italiana su\u00a0domanda, in presenza dei seguenti requisiti:<\/p>\n<p style=\"text-align: justify;\"><strong>in Italia<\/strong>: due anni di residenza legale dopo il matrimonio;\u00a0<strong>all\u2019estero: tre anni dopo il matrimonio. Tali termini sono ridotti della met\u00e0 in presenza di figli nati o adottati dai coniugi<\/strong>; validit\u00e0 del matrimonio e permanenza del vincolo coniugale fino all\u2019adozione del decreto; assenza di sentenze di condanna per reati per i quali sia prevista una pena non inferiore nel massimo a tre anni di reclusione o di sentenze di condanna da parte di un\u2019Autorit\u00e0 giudiziaria straniera ad una pena superiore ad un anno per reati non politici; assenza di<br \/>\ncondanne per uno dei delitti previsti nel libro secondo, titolo I, capi I, II e III del codice penale (delitti contro la personalit\u00e0 dello Stato); assenza di motivi ostativi per la sicurezza della Repubblica.<\/p>\n<p style=\"text-align: justify;\"><strong>NUOVO SISTEMA DI INOLTRO TELEMATICHE DELLE DOMANDE<\/strong><\/p>\n<p style=\"text-align: justify;\">Dal\u00a01\u00ba agosto 2015 sar\u00e0 possibile presentare la domanda di cittadinanza italiana per matrimonio ESCLUSIVAMENTE online.<\/p>\n<p style=\"text-align: justify;\">ATTENZIONE: Per poter correttamente inserire la domanda on line \u00e8 necessario che l\u2019atto di nascita ed il certificato di precedenti penali siano stati preventivamente legalizzati con timbro \u201cApostille\u201d, tradotti in italiano da traduttore di riferimento e vidimati dal competente Ufficio consolare (conformit\u00e0 della traduzione).<\/p>\n<p style=\"text-align: justify;\">Per certificare le traduzioni dei certificati da inserire nella domanda online \u00e8 possibile richiedere un appuntamento indirizzando la richiesta al seguente indirizzo di posta elettronica:\u00a0<a href=\"mailto:kiev.legalizzazioni@esteri.it\">kiev.legalizzazioni@esteri.it<\/a>.<\/p>\n<p style=\"text-align: justify;\"><u>NB: si fa presente che il sito web presso il quale il richiedente dovr\u00e0 registrarsi, \u00e8 curato dal Dipartimento per le Libert\u00e0 Civili e l\u2019Immigrazione del Ministero dell\u2019interno, ed \u00e8 esclusivamente in italiano. Questo Ufficio Consolare non potr\u00e0 fornire traduzioni n\u00e9 aiuti nella compilazione della domanda.<\/u><\/p>\n<p>&nbsp;<\/p>\n<p style=\"text-align: justify;\"><strong>IL RICHIEDENTE DOVRA\u2019 ATTENERSI ALLA SEGUENTE PROCEDURA:<\/strong><\/p>\n<ol>\n<li style=\"text-align: justify;\">Accedere al sito web del Ministero dell\u2019Interno https:\/\/cittadinanza.dlci.interno.it e proceder alla registrazione. LA REGISTRAZIONE E\u2019 GRATUITA.<\/li>\n<li style=\"text-align: justify;\">Dopo aver effettuato e confermato la registrazione saranno inviate all\u2019indirizzo di posta elettronica utilizzata per la registrazione le<br \/>\ncredenziali di accesso al portale.<\/li>\n<li style=\"text-align: justify;\">Accedere al portale con l\u2019indirizzo e-mail e la password fornite durante la procedura di registrazione.<\/li>\n<li style=\"text-align: justify;\">Cliccare \u201ccittadinanza\u201d &#8211; \u201cgestione domanda\u201d.<\/li>\n<li style=\"text-align: justify;\">Scegliere Modello AE \u2013 cittadini stranieri residenti all\u2019estero \u2013 Art. 5 \u2013 richiesta per matrimonio con cittadino italiano.<\/li>\n<li style=\"text-align: justify;\">Compilare tutti i campi previsti dal modulo selezionato. Nel modulo di registrazione dovranno essere inseriti Cognome \u2013 Nome (comprensivo di patronimico qualora presente) \u2013 Data e luogo di nascita presenti sull\u2019atto di nascita. Per le donne, deve essere indicato il cognome da nubile \u2013non quello da sposata- .<\/li>\n<\/ol>\n<p>In caso di errato inserimento dei dati anagrafici sar\u00e0 necessario procedere alla cancellazione della registrazione al portale, dopo aver effettuato l\u2019accesso, utilizzando la funzione del menu \u201cCancella la registrazione al portale\u201d ed effettuare successivamente una nuova registrazione.<\/p>\n<ol start=\"7\">\n<li style=\"text-align: justify;\">Scansionare e caricare i quattro documenti obbligatori:<\/li>\n<\/ol>\n<ul>\n<li style=\"text-align: justify;\">Atto di nascita in originale, legalizzato con Apostille, tradotto in italiano e vidimato dal competente Ufficio consolare.<\/li>\n<li style=\"text-align: justify;\">Certificato dei precedenti penali (in originale) rilasciato dall\u2019autorit\u00e0 centrale del Paese di origine e dalle autorit\u00e0 di tutti i Paesi dove il richiedente abbia eventualmente vissuto a partire dall\u2019et\u00e0 di 14 anni. Tale certificato, che ha una validit\u00e0 di 6 mesi dalla data di<br \/>\nemissione, deve essere munito di Apostille e traduzione in italiano vidimata dal competente Ufficio consolare.<\/li>\n<li style=\"text-align: justify;\">Ricevuta di versamento di 250 Euro sul conto corrente del Ministero dell\u2019Interno.<\/li>\n<\/ul>\n<p>Il versamento deve essere effettuato mediante bonifico bancario al MINISTERO DELL&#8217;INTERNO D.L.C.I. \u2013 CITTADINANZA:<\/p>\n<p style=\"text-align: justify;\">CONTRIBUTO OBBLIGATORIO PER ISTANZA DI CONCESSIONE DELLA CITTADINANZA ITALIANA PER MATRIMONIO Euro 250,00 a titolo di contributo obbligatorio stabilito<br \/>\ndalla Legge 15.7 .2009, n.94, art.9, comma2 da versare alternativamente: mediante bonifici esteri;<\/p>\n<p>o tramite circuito Eurogiro (circuito esistente tra organizzazioni postali aderenti).<\/p>\n<p>Elementi identificativi che i richiedenti dovranno utilizzare per il versamento:<\/p>\n<p>Conto corrente postale intestato a &#8220;Ministero dell&#8217;Interno D.L.C.I. &#8211; Cittadinanza. Causale del versamento Nome e Cognome del richiedente, \u201cNaturalizzazione per matrimonio&#8221;;<\/p>\n<p>&#8211; Codice IBAN relativo al c\/c medesimo: <strong>IT54D0760103200000000809020<\/strong><\/p>\n<p>&#8211; Codice BIC\/SWIFT di Poste italiane:<\/p>\n<p>&#8211; per bonifici esteri:<strong>\u00a0BPPIITRRXXX<\/strong><\/p>\n<p>&#8211; per operazioni Eurogiro:\u00a0<strong>PIBPITRA<\/strong><\/p>\n<ul>\n<li>Documento di riconoscimento: passaporto internazionale in corso di validit\u00e0.<\/li>\n<li>Attestato o Certificato di conoscenza della lingua italiana Livello B1<\/li>\n<\/ul>\n<p style=\"text-align: justify;\">A decorrere dal 4 dicembre 2018 (legge 1 dicembre 2018, n. 132) \u00e8 condizione indispensabile per il riconoscimento della cittadinanza italiana, ai sensi degli artt. 5 (cittadinanza per matrimonio) e 9 (per servizio, per almeno cinque anni, anche all&#8217;estero per lo Stato Italiano) della L. 91\/92, il possesso di un\u2019adeguata conoscenza della lingua italiana non inferiore al livello B1 del Quadro comune di riferimento per la conoscenza delle lingue. L\u2019accertamento di detto requisito va effettuato attraverso l\u2019acquisizione di un titolo di studio rilasciato da un istituto di istruzione pubblico o paritario oppure di una certificazione rilasciata da un ente certificatore.<\/p>\n<p style=\"text-align: justify;\">Al momento possono considerarsi enti certificatori, appartenenti al sistema di certificazione unificato CLIQ (Certificazione Lingua Italiana di Qualit\u00e0):<\/p>\n<ul>\n<li style=\"text-align: justify;\">l\u2019Universit\u00e0 per stranieri di Siena,<\/li>\n<li style=\"text-align: justify;\">l\u2019Universit\u00e0 per stranieri di Perugia,<\/li>\n<li style=\"text-align: justify;\">l\u2019Universit\u00e0 Roma Tre,<\/li>\n<li style=\"text-align: justify;\">la Societ\u00e0 Dante Alighieri.<\/li>\n<\/ul>\n<p style=\"text-align: justify;\">Sono esentati dall&#8217;obbligo di presentazione della certificazione linguistica i cittadini stranieri, gi\u00e0 residenti sul territorio italiano, che provino di aver sottoscritto durante la loro permanenza in Italia, l&#8217;accordo di integrazione di cui all&#8217;art. 4bis del D.lgs nr. 286\/98 e al DPR 179\/2011.<\/p>\n<p style=\"text-align: justify;\">Una volta inviata la domanda verranno generati due documenti:<\/p>\n<ul>\n<li style=\"text-align: justify;\">un documento riepilogativo della domanda<\/li>\n<li style=\"text-align: justify;\">una ricevuta d\u2019invio con un numero identificativo.<\/li>\n<\/ul>\n<p>La domanda potr\u00e0 essere:<\/p>\n<p>1) Accettata<br \/>\n2) Rifiutata<\/p>\n<p style=\"text-align: justify;\">L\u2019interessato sar\u00e0 avvisato tramite mail dell\u2019accoglimento o meno dell\u2019istanza.<\/p>\n<p style=\"text-align: justify;\">Si consiglia di inviare immediatamente la ricevuta di tale invio ai seguenti indirizzi di posta elettronica:\u00a0<a href=\"mailto:kiev.legalizzazioni@esterit.it\">kiev.legalizzazioni@esterit.it<\/a>\u00a0 e\u00a0<a href=\"mailto:consolato.kiev@esteri.it\">consolato.kiev@esteri.it<\/a>.<\/p>\n<p style=\"text-align: justify;\">Il richiedente verr\u00e0 quindi convocato, tramite mail, presso l\u2019ufficio consolare per presentare la domanda cartacea ed i documenti in originale, che verranno trattenuti dall\u2019Ufficio.<\/p>\n<p style=\"text-align: justify;\"><strong>Oltre ai documenti originali gi\u00e0 inseriti nella domanda online, gli interessati dovranno consegnare<\/strong>:<\/p>\n<p>&#8211; Estratto per Riassunto dagli Atti di matrimonio emesso dal Comune italiano dove il matrimonio stesso \u00e8 stato trascritto in originale (<strong>solo nel caso che gli estremi di trascrizione non risultino gi\u00e0 agli atti di questo Ufficio Consolato<\/strong>).<\/p>\n<p style=\"text-align: justify;\">-Pagamento della Tassa Consolare di 14 Euro (da pagare in grivna al tasso di ragguaglio ufficiale che corrisponda al momento della presentazione),da applicare per l\u2019autentica della firma del richiedente da apporre sulla domanda cartacea\u00a0in presenza del funzionario incaricato.<\/p>\n<p style=\"text-align: justify;\">-Certificato di residenza del richiedente e del proprio nucleo familiare (coniuge e figli) rilasciato dalla competente Autorit\u00e0 ucraina (legalizzato con Apostille e tradotto in italiano da traduttore).<\/p>\n<p style=\"text-align: justify;\"><strong>Successivamente alla presentazione della documentazione in originale presso l\u2019Ufficio Consolare la pratica sar\u00e0 di esclusiva\u00a0competenza del Ministero dell\u2019Interno<\/strong>. L\u2019interessato potr\u00e0 verificare personalmente lo stato della pratica inserendo nel sito del Ministero dell\u2019Interno il numero di pratica e le informazioni richieste dal sistema. Attenzione: tutte le comunicazioni relative al procedimento verranno inviate tramite l\u2019indirizzo di posta elettronica utilizzato per la registrazione. Si raccomanda pertanto di evitare di modificarlo e di controllarlo periodicamente.<\/p>\n","protected":false},"excerpt":{"rendered":"Cittadinanza per matrimonio con cittadino\/a italiano\/a L\u2019acquisto della cittadinanza da parte del coniuge straniero o apolide di cittadino italiano \u00e8 disciplinato dagli artt. 5, 6, 7 e 8 della legge 91\/92, modificata in parte dal Decreto Legge 4 ottobre 2018, nr. 11, il coniuge straniero pu\u00f2 acquistare la cittadinanza italiana su\u00a0domanda, in presenza dei seguenti [&hellip;]","protected":false},"author":1,"featured_media":0,"parent":48,"menu_order":2,"comment_status":"closed","ping_status":"closed","template":"","meta":{"footnotes":""},"class_list":["post-90","page","type-page","status-publish","hentry"],"_links":{"self":[{"href":"https:\/\/ambkiev.esteri.it\/it\/wp-json\/wp\/v2\/pages\/90","targetHints":{"allow":["GET"]}}],"collection":[{"href":"https:\/\/ambkiev.esteri.it\/it\/wp-json\/wp\/v2\/pages"}],"about":[{"href":"https:\/\/ambkiev.esteri.it\/it\/wp-json\/wp\/v2\/types\/page"}],"author":[{"embeddable":true,"href":"https:\/\/ambkiev.esteri.it\/it\/wp-json\/wp\/v2\/users\/1"}],"replies":[{"embeddable":true,"href":"https:\/\/ambkiev.esteri.it\/it\/wp-json\/wp\/v2\/comments?post=90"}],"version-history":[{"count":3,"href":"https:\/\/ambkiev.esteri.it\/it\/wp-json\/wp\/v2\/pages\/90\/revisions"}],"predecessor-version":[{"id":1999,"href":"https:\/\/ambkiev.esteri.it\/it\/wp-json\/wp\/v2\/pages\/90\/revisions\/1999"}],"up":[{"embeddable":true,"href":"https:\/\/ambkiev.esteri.it\/it\/wp-json\/wp\/v2\/pages\/48"}],"wp:attachment":[{"href":"https:\/\/ambkiev.esteri.it\/it\/wp-json\/wp\/v2\/media?parent=90"}],"curies":[{"name":"wp","href":"https:\/\/api.w.org\/{rel}","templated":true}]}}